{"id":606,"date":"2026-05-04T10:21:22","date_gmt":"2026-05-04T13:21:22","guid":{"rendered":"https:\/\/www.aaofm.org.ar\/Tienda26\/?post_type=product&#038;p=606"},"modified":"2026-05-04T10:30:00","modified_gmt":"2026-05-04T13:30:00","slug":"cursos-anuales-de-perfeccionamiento-2026-06","status":"publish","type":"product","link":"https:\/\/www.aaofm.org.ar\/Tienda26\/producto\/cursos-anuales-de-perfeccionamiento-2026-06\/","title":{"rendered":"Cursos Anuales de Perfeccionamiento 2026\/06"},"content":{"rendered":"<h2><strong>B.2.6 Curso de alineadores: biomec\u00e1nica sin errores<\/strong><br \/>\nDel staging virtual al control biomec\u00e1nico real.<br \/>\nProgram\u00e1 el movimiento, domin\u00e1 el resultado.<br \/>\nNo vas a aprender a usar alineadores, vas a aprender a controlarlos y de una manera predecible<\/h2>\n<h4 class=\"\">Te\u00f3rico pr\u00e1ctico con atenci\u00f3n cl\u00ednica de pacientes.<\/h4>\n<div id=\"tabla_container\" class=\"container-body-sm\">\n<div class=\"row mb-20\">\n<div class=\"col-sm-8\">\n<div class=\"row mb-20\">\n<div class=\"col-sm-12\">\n<div class=\"PCd OFAd mw-400\"><b>Dictante:<\/b><br \/>\nDr. Roberto Hugo Ruiz <a class=\"vercv\" title=\"Dr. Roberto Hugo Ruiz\" href=\"https:\/\/www.aaofm.org.ar\/Dictantes\/?dr=Ruiz\" target=\"_blank\" rel=\"noopener\">Ver CV<\/a><br \/>\n<b>Dictante Invitado:<\/b><br \/>\nDr. Andr\u00e9s Betelu <a class=\"vercv\" title=\"Dr. Andr\u00e9s Betelu\" href=\"https:\/\/www.aaofm.org.ar\/Dictantes\/?dr=Betelu\" target=\"_blank\" rel=\"noopener\">Ver CV<\/a><\/div>\n<\/div>\n<\/div>\n<div class=\"OFAf\"><b>Cursada:<\/b> 3\u00b0 viernes de cada mes de 8:30 a 13:30 hs.<br \/>\n<b>Inicio:<\/b> Viernes 19 de junio de 2026.<\/div>\n<div><img decoding=\"async\" loading=\"lazy\" class=\"alignleft size-full wp-image-607\" src=\"https:\/\/www.aaofm.org.ar\/Tienda26\/wp-content\/uploads\/2026\/05\/OFA0626.png\" alt=\"\" width=\"800\" height=\"1132\" srcset=\"https:\/\/www.aaofm.org.ar\/Tienda26\/wp-content\/uploads\/2026\/05\/OFA0626.png 800w, https:\/\/www.aaofm.org.ar\/Tienda26\/wp-content\/uploads\/2026\/05\/OFA0626-212x300.png 212w, https:\/\/www.aaofm.org.ar\/Tienda26\/wp-content\/uploads\/2026\/05\/OFA0626-724x1024.png 724w, https:\/\/www.aaofm.org.ar\/Tienda26\/wp-content\/uploads\/2026\/05\/OFA0626-768x1087.png 768w, https:\/\/www.aaofm.org.ar\/Tienda26\/wp-content\/uploads\/2026\/05\/OFA0626-416x589.png 416w\" sizes=\"(max-width: 800px) 100vw, 800px\" \/><\/div>\n<\/div>\n<\/div>\n<\/div>\n","protected":false},"excerpt":{"rendered":"<p>Cursos Anuales de Perfeccionamiento 2026\/06<br \/>\nDr. Roberto Hugo Ruiz &#8211; Dr. Andr\u00e9s Betelu<br \/>\n<strong>\u00a1Inscribite online y reserva tu vacante ya!<\/strong><br \/>\nEl valor publicado corresponde a la matr\u00edcula de inscripci\u00f3n<br \/>\nanual, puedes consultar por el valor total del curso a:<big><br \/>\n<b class=\"dashicons dashicons-whatsapp\" style=\"line-height: 1.6em;\"><\/b> <a href=\"https:\/\/api.whatsapp.com\/send?phone=5491136546225\">+54911 3654-6225<\/a><br \/>\n<b class=\"dashicons dashicons-email\" style=\"line-height: 1.8em;\"><\/b> <a href=\"mailto:cursos@aaofm.org.ar\">cursos@aaofm.org.ar<\/a><br \/>\n<\/big><\/p>\n","protected":false},"featured_media":608,"template":"","meta":[],"product_cat":[17],"product_tag":[24,42],"_links":{"self":[{"href":"https:\/\/www.aaofm.org.ar\/Tienda26\/wp-json\/wp\/v2\/product\/606"}],"collection":[{"href":"https:\/\/www.aaofm.org.ar\/Tienda26\/wp-json\/wp\/v2\/product"}],"about":[{"href":"https:\/\/www.aaofm.org.ar\/Tienda26\/wp-json\/wp\/v2\/types\/product"}],"wp:featuredmedia":[{"embeddable":true,"href":"https:\/\/www.aaofm.org.ar\/Tienda26\/wp-json\/wp\/v2\/media\/608"}],"wp:attachment":[{"href":"https:\/\/www.aaofm.org.ar\/Tienda26\/wp-json\/wp\/v2\/media?parent=606"}],"wp:term":[{"taxonomy":"product_cat","embeddable":true,"href":"https:\/\/www.aaofm.org.ar\/Tienda26\/wp-json\/wp\/v2\/product_cat?post=606"},{"taxonomy":"product_tag","embeddable":true,"href":"https:\/\/www.aaofm.org.ar\/Tienda26\/wp-json\/wp\/v2\/product_tag?post=606"}],"curies":[{"name":"wp","href":"https:\/\/api.w.org\/{rel}","templated":true}]}}