{"id":581,"date":"2025-12-18T08:31:30","date_gmt":"2025-12-18T11:31:30","guid":{"rendered":"https:\/\/www.aaofm.org.ar\/Tienda26\/?post_type=product&#038;p=581"},"modified":"2026-01-27T13:36:03","modified_gmt":"2026-01-27T16:36:03","slug":"cursos-modulares-2026-02","status":"publish","type":"product","link":"https:\/\/www.aaofm.org.ar\/Tienda26\/producto\/cursos-modulares-2026-02\/","title":{"rendered":"Cursos Modulares 2026\/02"},"content":{"rendered":"<h2><strong>B.3.2  Curso en m\u00f3dulos virtual Ortopedia-Ortodoncia (Autoligado)- Alineadores<\/strong><\/h2>\n<h4 class=\"\">Te\u00f3rico pr\u00e1ctico con atenci\u00f3n cl\u00ednica de pacientes.<\/h4>\n<div id=\"tabla_container\" class=\"container-body-sm\">\n<div class=\"row mb-20\">\n<div class=\"col-sm-8\">\n<div class=\"row mb-20\">\n<div class=\"col-sm-12\">\n<div class=\"PCd MODd mw-400\"><b>Dictantes:<\/b><br \/>\nDr. Jorge V. Trombetta <a class=\"vercv\" title=\"Dr. Jorge V. Trombetta\" href=\"https:\/\/www.aaofm.org.ar\/Dictantes\/?dr=Trombetta\" target=\"_blank\" rel=\"noopener\">Ver CV<\/a><br \/>\nDra. Sonia M. Trombetta <a class=\"vercv\" title=\"Dra. Sonia M. Trombetta\" href=\"https:\/\/www.aaofm.org.ar\/Dictantes\/?dr=STrombetta\" target=\"_blank\" rel=\"noopener\">Ver CV<\/a><\/div>\n<\/div>\n<\/div>\n<div class=\"MODf\"><b>Cursada:<\/b> Te\u00f3rico virtual los 3\u00b0 mi\u00e9rcoles de cada mes de 9 a 11:30 hs y Cl\u00ednica presencial los 4\u00b0 mi\u00e9rcoles de cada mes de 9 a 12 hs.<br \/>\n<b>Inicio:<\/b> Mi\u00e9rcoles 15 de abril de 2026.<\/div>\n<p><img decoding=\"async\" loading=\"lazy\" class=\"alignleft size-full wp-image-794\" src=\"https:\/\/www.aaofm.org.ar\/Tienda25\/wp-content\/uploads\/2025\/12\/MOD0226-1.png\" alt=\"\" width=\"800\" height=\"1132\" \/><\/p>\n<div><\/div>\n<\/div>\n<\/div>\n<\/div>\n","protected":false},"excerpt":{"rendered":"<p>Cursos Modulares 2026\/02<br \/>\nDr. Jorge V. Trombetta &#8211; Dra. Sonia M. Trombetta<br \/>\n<strong>\u00a1Inscribite online y reserva tu vacante ya!<\/strong><br \/>\nEl valor publicado corresponde a la matr\u00edcula de inscripci\u00f3n<br \/>\nanual, puedes consultar por el valor total del curso a:<big><br \/>\n<b class=\"dashicons dashicons-whatsapp\" style=\"line-height: 1.6em;\"><\/b> <a href=\"https:\/\/api.whatsapp.com\/send?phone=5491136546225\">+54911 3654-6225<\/a><br \/>\n<b class=\"dashicons dashicons-email\" style=\"line-height: 1.8em;\"><\/b> <a href=\"mailto:cursos@aaofm.org.ar\">cursos@aaofm.org.ar<\/a><br \/>\n<\/big><\/p>\n","protected":false},"featured_media":582,"template":"","meta":[],"product_cat":[17],"product_tag":[44,21,24],"_links":{"self":[{"href":"https:\/\/www.aaofm.org.ar\/Tienda26\/wp-json\/wp\/v2\/product\/581"}],"collection":[{"href":"https:\/\/www.aaofm.org.ar\/Tienda26\/wp-json\/wp\/v2\/product"}],"about":[{"href":"https:\/\/www.aaofm.org.ar\/Tienda26\/wp-json\/wp\/v2\/types\/product"}],"wp:featuredmedia":[{"embeddable":true,"href":"https:\/\/www.aaofm.org.ar\/Tienda26\/wp-json\/wp\/v2\/media\/582"}],"wp:attachment":[{"href":"https:\/\/www.aaofm.org.ar\/Tienda26\/wp-json\/wp\/v2\/media?parent=581"}],"wp:term":[{"taxonomy":"product_cat","embeddable":true,"href":"https:\/\/www.aaofm.org.ar\/Tienda26\/wp-json\/wp\/v2\/product_cat?post=581"},{"taxonomy":"product_tag","embeddable":true,"href":"https:\/\/www.aaofm.org.ar\/Tienda26\/wp-json\/wp\/v2\/product_tag?post=581"}],"curies":[{"name":"wp","href":"https:\/\/api.w.org\/{rel}","templated":true}]}}