{"id":560,"date":"2025-12-18T08:05:38","date_gmt":"2025-12-18T11:05:38","guid":{"rendered":"https:\/\/www.aaofm.org.ar\/Tienda26\/?post_type=product&#038;p=560"},"modified":"2026-04-22T09:15:57","modified_gmt":"2026-04-22T12:15:57","slug":"diplomaturas-ofm-y-ortodoncia-2026-04","status":"publish","type":"product","link":"https:\/\/www.aaofm.org.ar\/Tienda26\/producto\/diplomaturas-ofm-y-ortodoncia-2026-04\/","title":{"rendered":"Diplomaturas OFM y Ortodoncia 2026\/04"},"content":{"rendered":"<h2><strong>A.6.5 Diplomatura en Ortopedia Maxilar y Ortodoncia Nivel II<\/strong><\/h2>\n<h4 class=\"\">Te\u00f3rico pr\u00e1ctico con atenci\u00f3n cl\u00ednica de pacientes.<\/h4>\n<div id=\"tabla_container\" class=\"container-body-sm\">\n<div class=\"row mb-20\">\n<div class=\"col-sm-8\">\n<div class=\"row mb-20\">\n<div class=\"col-sm-12\">\n<div class=\"PCd DIPd mw-400\"><b>Dictantes:<\/b><br \/>\nDr. Ricardo Abrate <a class=\"vercv\" title=\"Dr. Ricardo Abrate\" href=\"https:\/\/www.aaofm.org.ar\/Dictantes\/?dr=Abrate\" target=\"_blank\" rel=\"noopener\">Ver CV<\/a><br \/>\nDr. Jorge Laraudo <a class=\"vercv\" title=\"Dr. Jorge Laraudo\" href=\"https:\/\/www.aaofm.org.ar\/Dictantes\/?dr=Laraudo\" target=\"_blank\" rel=\"noopener\">Ver CV<\/a><\/div>\n<\/div>\n<\/div>\n<div class=\"DIPf\"><b>Cursada:<\/b> 4\u00b0 s\u00e1bados de cada mes de 9 a 17 hs.<br \/>\n<b>Inicio:<\/b> S\u00e1bado 25 de abril de 2026.<\/div>\n<\/div>\n<div>\n<img decoding=\"async\" loading=\"lazy\" class=\"alignleft size-full wp-image-760\" src=\"https:\/\/www.aaofm.org.ar\/Tienda25\/wp-content\/uploads\/2025\/12\/DIP0525-1.png\" alt=\"\" width=\"800\" height=\"1132\" \/><\/div>\n<\/div>\n<\/div>\n","protected":false},"excerpt":{"rendered":"<p>Diplomaturas en Ortopedia y Ortodoncia 2026\/04<br \/>\nDres. Ricardo Abrate y Jorge Laraudo<br \/>\n<strong>\u00a1Inscribite online y reserva tu vacante ya!<\/strong><br \/>\nEl valor publicado corresponde a la matr\u00edcula de inscripci\u00f3n<br \/>\nanual, puedes consultar por el valor total del curso a:<big><br \/>\n<b class=\"dashicons dashicons-whatsapp\" style=\"line-height: 1.6em;\"><\/b> <a href=\"https:\/\/api.whatsapp.com\/send?phone=5491136546225\">+54911 3654-6225<\/a><br \/>\n<b class=\"dashicons dashicons-email\" style=\"line-height: 1.8em;\"><\/b> <a href=\"mailto:cursos@aaofm.org.ar\">cursos@aaofm.org.ar<\/a><br \/>\n<\/big><\/p>\n","protected":false},"featured_media":558,"template":"","meta":[],"product_cat":[17],"product_tag":[27,21,24],"_links":{"self":[{"href":"https:\/\/www.aaofm.org.ar\/Tienda26\/wp-json\/wp\/v2\/product\/560"}],"collection":[{"href":"https:\/\/www.aaofm.org.ar\/Tienda26\/wp-json\/wp\/v2\/product"}],"about":[{"href":"https:\/\/www.aaofm.org.ar\/Tienda26\/wp-json\/wp\/v2\/types\/product"}],"wp:featuredmedia":[{"embeddable":true,"href":"https:\/\/www.aaofm.org.ar\/Tienda26\/wp-json\/wp\/v2\/media\/558"}],"wp:attachment":[{"href":"https:\/\/www.aaofm.org.ar\/Tienda26\/wp-json\/wp\/v2\/media?parent=560"}],"wp:term":[{"taxonomy":"product_cat","embeddable":true,"href":"https:\/\/www.aaofm.org.ar\/Tienda26\/wp-json\/wp\/v2\/product_cat?post=560"},{"taxonomy":"product_tag","embeddable":true,"href":"https:\/\/www.aaofm.org.ar\/Tienda26\/wp-json\/wp\/v2\/product_tag?post=560"}],"curies":[{"name":"wp","href":"https:\/\/api.w.org\/{rel}","templated":true}]}}