{"id":543,"date":"2025-12-18T07:31:04","date_gmt":"2025-12-18T10:31:04","guid":{"rendered":"https:\/\/www.aaofm.org.ar\/Tienda26\/?post_type=product&#038;p=543"},"modified":"2026-01-03T13:05:03","modified_gmt":"2026-01-03T16:05:03","slug":"cursos-de-ortodoncia-con-atencion-clinica-de-pacientes-nivel-inicial-2026-01","status":"publish","type":"product","link":"https:\/\/www.aaofm.org.ar\/Tienda26\/producto\/cursos-de-ortodoncia-con-atencion-clinica-de-pacientes-nivel-inicial-2026-01\/","title":{"rendered":"Cursos de Ortodoncia con atenci\u00f3n cl\u00ednica de pacientes Nivel Inicial 2026\/01"},"content":{"rendered":"<h2><strong>A.4.1 Ortodoncia cl\u00ednica<\/strong><br \/>\nAparatolog\u00eda de Arco Recto &#8211; Introducci\u00f3n a los brackets de Autoligado &#8211; Arcos NiTi t\u00e9rmicos &#8211; Microimplantes<\/h2>\n<h4 class=\"\">Te\u00f3rico pr\u00e1ctico con atenci\u00f3n cl\u00ednica de pacientes<\/h4>\n<div id=\"tabla_container\" class=\"container-body-sm\">\n<div class=\"row mb-20\">\n<div class=\"col-sm-8\">\n<div class=\"row mb-20\">\n<div class=\"col-sm-12\">\n<div class=\"PCd ORTd mw-400\"><b>Dictantes:<\/b><br \/>\nDr. Mario O. Pistoni <a class=\"vercv\" title=\"Dr. Mario O. Pistoni\" href=\"https:\/\/www.aaofm.org.ar\/Dictantes\/?dr=Pistoni\" target=\"_blank\" rel=\"noopener\">Ver CV<\/a><br \/>\nDra. Nancy Sinagra <a class=\"vercv\" title=\"Dra. Nancy Sinagra\" href=\"https:\/\/www.aaofm.org.ar\/Dictantes\/?dr=Sinagra\" target=\"_blank\" rel=\"noopener\">Ver CV<\/a><\/div>\n<\/div>\n<\/div>\n<div class=\"ORTf\"><b>Cursada:<\/b> 2\u00b0 jueves de cada mes de 9 a 16:30 hs.<br \/>\n<b>Inicio:<\/b> Jueves 14 de mayo de 2026.<\/div>\n<\/div>\n<div><\/div>\n<\/div>\n<div><img decoding=\"async\" loading=\"lazy\" class=\"alignleft size-full wp-image-735\" src=\"https:\/\/www.aaofm.org.ar\/Tienda25\/wp-content\/uploads\/2025\/12\/ORT0126.png\" alt=\"\" width=\"800\" height=\"1132\" \/><\/div>\n<\/div>\n","protected":false},"excerpt":{"rendered":"<p>Curso de Ortodoncia con atenci\u00f3n cl\u00ednica de pacientes Nivel Inicial 2026\/01<br \/>\nDr. Mario O. Pistoni y Dra. Nancy Sinagra.<br \/>\n<strong>\u00a1Inscribite online y reserva tu vacante ya!<\/strong><br \/>\nEl valor publicado corresponde a la matr\u00edcula de inscripci\u00f3n<br \/>\nanual, puedes consultar por el valor total del curso a:<big><br \/>\n<b class=\"dashicons dashicons-whatsapp\" style=\"line-height: 1.6em;\"><\/b> <a href=\"https:\/\/api.whatsapp.com\/send?phone=5491136546225\">+54911 3654-6225<\/a><br \/>\n<b class=\"dashicons dashicons-email\" style=\"line-height: 1.8em;\"><\/b> <a href=\"mailto:cursos@aaofm.org.ar\">cursos@aaofm.org.ar<\/a><br \/>\n<\/big><\/p>\n","protected":false},"featured_media":544,"template":"","meta":[],"product_cat":[17],"product_tag":[24,41],"_links":{"self":[{"href":"https:\/\/www.aaofm.org.ar\/Tienda26\/wp-json\/wp\/v2\/product\/543"}],"collection":[{"href":"https:\/\/www.aaofm.org.ar\/Tienda26\/wp-json\/wp\/v2\/product"}],"about":[{"href":"https:\/\/www.aaofm.org.ar\/Tienda26\/wp-json\/wp\/v2\/types\/product"}],"wp:featuredmedia":[{"embeddable":true,"href":"https:\/\/www.aaofm.org.ar\/Tienda26\/wp-json\/wp\/v2\/media\/544"}],"wp:attachment":[{"href":"https:\/\/www.aaofm.org.ar\/Tienda26\/wp-json\/wp\/v2\/media?parent=543"}],"wp:term":[{"taxonomy":"product_cat","embeddable":true,"href":"https:\/\/www.aaofm.org.ar\/Tienda26\/wp-json\/wp\/v2\/product_cat?post=543"},{"taxonomy":"product_tag","embeddable":true,"href":"https:\/\/www.aaofm.org.ar\/Tienda26\/wp-json\/wp\/v2\/product_tag?post=543"}],"curies":[{"name":"wp","href":"https:\/\/api.w.org\/{rel}","templated":true}]}}