{"id":535,"date":"2025-12-18T07:20:15","date_gmt":"2025-12-18T10:20:15","guid":{"rendered":"https:\/\/www.aaofm.org.ar\/Tienda26\/?post_type=product&#038;p=535"},"modified":"2026-01-03T13:05:56","modified_gmt":"2026-01-03T16:05:56","slug":"cursos-de-ortopedia-con-atencion-clinica-de-pacientes-nivel-inicial-2026-06","status":"publish","type":"product","link":"https:\/\/www.aaofm.org.ar\/Tienda26\/producto\/cursos-de-ortopedia-con-atencion-clinica-de-pacientes-nivel-inicial-2026-06\/","title":{"rendered":"Cursos de Ortopedia con atenci\u00f3n cl\u00ednica de pacientes Nivel Inicial 2026\/06"},"content":{"rendered":"<h2>A.3.6 Ortopedia Funcional: La terap\u00e9utica indicada durante la primera d\u00e9cada de vida<\/h2>\n<h4>Te\u00f3rico pr\u00e1ctico con atenci\u00f3n cl\u00ednica de pacientes<\/h4>\n<div class=\"row mb-20\">\n<div class=\"col-sm-12\">\n<div class=\"PCd OFMd mw-400\"><b>Dictante:<\/b><br \/>\nProf. Dra. Graciela I. Lorenz <a class=\"vercv\" title=\"Prof. Dra. Graciela I. Lorenz\" href=\"https:\/\/www.aaofm.org.ar\/Dictantes\/?dr=Lorenz\" target=\"_blank\" rel=\"noopener\">Ver CV<\/a><\/div>\n<\/div>\n<\/div>\n<div class=\"OFMf\"><b>Cursada:<\/b> Te\u00f3rico virtual: 3\u00b0 martes de 9 a 13 hs. Cl\u00ednica: 1\u00b0 viernes de 8:30 a 13 hs.<br \/>\n<b>Inicio:<\/b> Martes 18 de agosto de 2026.<\/div>\n<p>&nbsp;<\/p>\n<p><img decoding=\"async\" loading=\"lazy\" class=\"alignleft size-full wp-image-724\" src=\"https:\/\/www.aaofm.org.ar\/Tienda25\/wp-content\/uploads\/2025\/12\/OFM0625.png\" alt=\"\" width=\"800\" height=\"1132\" \/><\/p>\n<p>&nbsp;<\/p>\n<p>&nbsp;<\/p>\n","protected":false},"excerpt":{"rendered":"<p>Curso de Ortopedia con atenci\u00f3n cl\u00ednica de pacientes Nivel Inicial 2026\/06<br \/>\nProf. Dra. Graciela I. Lorenz.<br \/>\n<strong>\u00a1Inscribite online y reserva tu vacante ya!<\/strong><br \/>\nEl valor publicado corresponde a la matr\u00edcula de inscripci\u00f3n<br \/>\nanual, puedes consultar por el valor total del curso a:<big><br \/>\n<b class=\"dashicons dashicons-whatsapp\" style=\"line-height: 1.6em;\"><\/b> <a href=\"https:\/\/api.whatsapp.com\/send?phone=5491136546225\">+54911 3654-6225<\/a><br \/>\n<b class=\"dashicons dashicons-email\" style=\"line-height: 1.8em;\"><\/b> <a href=\"mailto:cursos@aaofm.org.ar\">cursos@aaofm.org.ar<\/a><br \/>\n<\/big><\/p>\n","protected":false},"featured_media":536,"template":"","meta":[],"product_cat":[17],"product_tag":[21],"_links":{"self":[{"href":"https:\/\/www.aaofm.org.ar\/Tienda26\/wp-json\/wp\/v2\/product\/535"}],"collection":[{"href":"https:\/\/www.aaofm.org.ar\/Tienda26\/wp-json\/wp\/v2\/product"}],"about":[{"href":"https:\/\/www.aaofm.org.ar\/Tienda26\/wp-json\/wp\/v2\/types\/product"}],"wp:featuredmedia":[{"embeddable":true,"href":"https:\/\/www.aaofm.org.ar\/Tienda26\/wp-json\/wp\/v2\/media\/536"}],"wp:attachment":[{"href":"https:\/\/www.aaofm.org.ar\/Tienda26\/wp-json\/wp\/v2\/media?parent=535"}],"wp:term":[{"taxonomy":"product_cat","embeddable":true,"href":"https:\/\/www.aaofm.org.ar\/Tienda26\/wp-json\/wp\/v2\/product_cat?post=535"},{"taxonomy":"product_tag","embeddable":true,"href":"https:\/\/www.aaofm.org.ar\/Tienda26\/wp-json\/wp\/v2\/product_tag?post=535"}],"curies":[{"name":"wp","href":"https:\/\/api.w.org\/{rel}","templated":true}]}}