{"id":525,"date":"2025-12-18T07:06:47","date_gmt":"2025-12-18T10:06:47","guid":{"rendered":"https:\/\/www.aaofm.org.ar\/Tienda26\/?post_type=product&#038;p=525"},"modified":"2026-01-25T07:09:59","modified_gmt":"2026-01-25T10:09:59","slug":"cursos-de-ortopedia-con-atencion-clinica-de-pacientes-nivel-inicial-2026-01","status":"publish","type":"product","link":"https:\/\/www.aaofm.org.ar\/Tienda26\/producto\/cursos-de-ortopedia-con-atencion-clinica-de-pacientes-nivel-inicial-2026-01\/","title":{"rendered":"Cursos de Ortopedia con atenci\u00f3n cl\u00ednica de pacientes Nivel Inicial 2026\/01"},"content":{"rendered":"<h2>A.3.1 Curso de Ortopedia Funcional. Una visi\u00f3n integral.<\/h2>\n<h4>Te\u00f3rico pr\u00e1ctico con atenci\u00f3n cl\u00ednica de pacientes<\/h4>\n<div class=\"row mb-20\">\n<div class=\"col-sm-12\">\n<div class=\"PCd OFMd mw-400\"><b>Dictantes:<\/b><br \/>\nDr. Luis Alfredo Miranda <a class=\"vercv\" title=\"Dr. Luis Alfredo Miranda\" href=\"https:\/\/www.aaofm.org.ar\/Dictantes\/?dr=Miranda\" target=\"_blank\" rel=\"noopener\">Ver CV<\/a><br \/>\nDra. Mar\u00eda del Carmen Attene <a class=\"vercv\" title=\"Dra. Mar\u00eda del Carmen Attene\" href=\"https:\/\/www.aaofm.org.ar\/Dictantes\/?dr=Attene\" target=\"_blank\" rel=\"noopener\">Ver CV<\/a><\/div>\n<\/div>\n<\/div>\n<div class=\"OFMf\"><b>Cursada:<\/b> 1\u00ba s\u00e1bado de cada mes de 9 a 17:15 hs.<br \/>\n<b>Inicio:<\/b> S\u00e1bado 28 de marzo de 2026 (se reprograma inicio por feriado).<\/div>\n<p>&nbsp;<\/p>\n<p><img decoding=\"async\" loading=\"lazy\" class=\"alignleft size-full wp-image-706\" src=\"https:\/\/www.aaofm.org.ar\/Tienda25\/wp-content\/uploads\/2025\/12\/OFM0125-1.png\" alt=\"\" width=\"800\" height=\"1132\" \/><\/p>\n<p>&nbsp;<\/p>\n<p>&nbsp;<\/p>\n","protected":false},"excerpt":{"rendered":"<p>Curso de Ortopedia con atenci\u00f3n cl\u00ednica de pacientes Nivel Inicial 2026\/01<br \/>\nDr. Lu\u00eds A. Miranda y Dra. Mar\u00eda del Carmen Attene.<br \/>\n<strong>\u00a1Inscribite online y reserva tu vacante ya!<\/strong><br \/>\nEl valor publicado corresponde a la matr\u00edcula de inscripci\u00f3n<br \/>\nanual, puedes consultar por el valor total del curso a:<big><br \/>\n<b class=\"dashicons dashicons-whatsapp\" style=\"line-height: 1.6em;\"><\/b> <a href=\"https:\/\/api.whatsapp.com\/send?phone=5491136546225\">+54911 3654-6225<\/a><br \/>\n<b class=\"dashicons dashicons-email\" style=\"line-height: 1.8em;\"><\/b> <a href=\"mailto:cursos@aaofm.org.ar\">cursos@aaofm.org.ar<\/a><br \/>\n<\/big><\/p>\n","protected":false},"featured_media":526,"template":"","meta":[],"product_cat":[17],"product_tag":[21],"_links":{"self":[{"href":"https:\/\/www.aaofm.org.ar\/Tienda26\/wp-json\/wp\/v2\/product\/525"}],"collection":[{"href":"https:\/\/www.aaofm.org.ar\/Tienda26\/wp-json\/wp\/v2\/product"}],"about":[{"href":"https:\/\/www.aaofm.org.ar\/Tienda26\/wp-json\/wp\/v2\/types\/product"}],"wp:featuredmedia":[{"embeddable":true,"href":"https:\/\/www.aaofm.org.ar\/Tienda26\/wp-json\/wp\/v2\/media\/526"}],"wp:attachment":[{"href":"https:\/\/www.aaofm.org.ar\/Tienda26\/wp-json\/wp\/v2\/media?parent=525"}],"wp:term":[{"taxonomy":"product_cat","embeddable":true,"href":"https:\/\/www.aaofm.org.ar\/Tienda26\/wp-json\/wp\/v2\/product_cat?post=525"},{"taxonomy":"product_tag","embeddable":true,"href":"https:\/\/www.aaofm.org.ar\/Tienda26\/wp-json\/wp\/v2\/product_tag?post=525"}],"curies":[{"name":"wp","href":"https:\/\/api.w.org\/{rel}","templated":true}]}}