{"id":795,"date":"2025-12-12T09:47:49","date_gmt":"2025-12-12T12:47:49","guid":{"rendered":"https:\/\/www.aaofm.org.ar\/Tienda25\/?post_type=product&#038;p=795"},"modified":"2025-12-17T18:17:26","modified_gmt":"2025-12-17T21:17:26","slug":"cursos-modulares-2026-03","status":"publish","type":"product","link":"https:\/\/www.aaofm.org.ar\/Tienda25\/producto\/cursos-modulares-2026-03\/","title":{"rendered":"Cursos Modulares 2026\/03"},"content":{"rendered":"<h2><strong>B.3.3 ATM<\/strong><br \/>\nBases diagn\u00f3sticas y tratamiento neuromuscular hol\u00edstico, con utilizaci\u00f3n de K7 y TENS<\/h2>\n<h4 class=\"\">Te\u00f3rico pr\u00e1ctico con atenci\u00f3n cl\u00ednica de pacientes.<\/h4>\n<div id=\"tabla_container\" class=\"container-body-sm\">\n<div class=\"row mb-20\">\n<div class=\"col-sm-8\">\n<div class=\"row mb-20\">\n<div class=\"col-sm-12\">\n<div class=\"PCd MODd mw-400\"><b>Dictantes:<\/b><br \/>\nDr. Jorge Daniel Ferreyra <a class=\"vercv\" title=\"Dr. Jorge Daniel Ferreyra\" href=\"https:\/\/www.aaofm.org.ar\/Dictantes\/?dr=Ferreyra\" target=\"_blank\" rel=\"noopener\">Ver CV<\/a><br \/>\nDra. Mar\u00eda Alicia Gonzalez <a class=\"vercv\" title=\"Dra. Mar\u00eda Alicia Gonzalez\" href=\"https:\/\/www.aaofm.org.ar\/Dictantes\/?dr=Gonzalez\" target=\"_blank\" rel=\"noopener\">Ver CV<\/a><\/div>\n<\/div>\n<\/div>\n<div class=\"MODf\"><b>Cursada:<\/b> Te\u00f3rico virtual los 3\u00b0 viernes de 10 a 13 hs &#8211; Cl\u00ednica 4\u00b0 viernes de cada mes de 10 a 13 hs.<br \/>\n<b>Inicio:<\/b> Viernes 15 de mayo de 2026.<\/div>\n<p><img loading=\"lazy\" decoding=\"async\" class=\"alignleft size-full wp-image-796\" src=\"https:\/\/www.aaofm.org.ar\/Tienda25\/wp-content\/uploads\/2025\/12\/MOD0326.png\" alt=\"\" width=\"800\" height=\"1132\" srcset=\"https:\/\/www.aaofm.org.ar\/Tienda25\/wp-content\/uploads\/2025\/12\/MOD0326.png 800w, https:\/\/www.aaofm.org.ar\/Tienda25\/wp-content\/uploads\/2025\/12\/MOD0326-212x300.png 212w, https:\/\/www.aaofm.org.ar\/Tienda25\/wp-content\/uploads\/2025\/12\/MOD0326-724x1024.png 724w, https:\/\/www.aaofm.org.ar\/Tienda25\/wp-content\/uploads\/2025\/12\/MOD0326-768x1087.png 768w, https:\/\/www.aaofm.org.ar\/Tienda25\/wp-content\/uploads\/2025\/12\/MOD0326-416x589.png 416w\" sizes=\"auto, (max-width: 800px) 100vw, 800px\" \/><\/p>\n<div><\/div>\n<\/div>\n<\/div>\n<\/div>\n","protected":false},"excerpt":{"rendered":"<p>Cursos Modulares 2026\/03<br \/>\nDr. Jorge Ferreyra &#8211; Dra. Mar\u00eda Alicia Gonzalez.<br \/>\n<strong>\u00a1Inscribite online y reserva tu vacante ya!<\/strong><br \/>\nEl valor publicado corresponde a la matr\u00edcula de inscripci\u00f3n<br \/>\nanual, puedes consultar por el valor total del curso a:<big><br \/>\n<b class=\"dashicons dashicons-whatsapp\" style=\"line-height: 1.6em;\"><\/b> <a href=\"https:\/\/api.whatsapp.com\/send?phone=5491136546225\">+54911 3654-6225<\/a><br \/>\n<b class=\"dashicons dashicons-email\" style=\"line-height: 1.8em;\"><\/b> <a href=\"mailto:cursos@aaofm.org.ar\">cursos@aaofm.org.ar<\/a><br \/>\n<\/big><\/p>\n","protected":false},"featured_media":797,"template":"","meta":[],"product_cat":[17],"product_tag":[29,46],"class_list":["post-795","product","type-product","status-publish","has-post-thumbnail","hentry","product_cat-cursos","product_tag-atm","product_tag-mod"],"_links":{"self":[{"href":"https:\/\/www.aaofm.org.ar\/Tienda25\/wp-json\/wp\/v2\/product\/795","targetHints":{"allow":["GET"]}}],"collection":[{"href":"https:\/\/www.aaofm.org.ar\/Tienda25\/wp-json\/wp\/v2\/product"}],"about":[{"href":"https:\/\/www.aaofm.org.ar\/Tienda25\/wp-json\/wp\/v2\/types\/product"}],"wp:featuredmedia":[{"embeddable":true,"href":"https:\/\/www.aaofm.org.ar\/Tienda25\/wp-json\/wp\/v2\/media\/797"}],"wp:attachment":[{"href":"https:\/\/www.aaofm.org.ar\/Tienda25\/wp-json\/wp\/v2\/media?parent=795"}],"wp:term":[{"taxonomy":"product_cat","embeddable":true,"href":"https:\/\/www.aaofm.org.ar\/Tienda25\/wp-json\/wp\/v2\/product_cat?post=795"},{"taxonomy":"product_tag","embeddable":true,"href":"https:\/\/www.aaofm.org.ar\/Tienda25\/wp-json\/wp\/v2\/product_tag?post=795"}],"curies":[{"name":"wp","href":"https:\/\/api.w.org\/{rel}","templated":true}]}}