{"id":767,"date":"2025-12-11T11:42:15","date_gmt":"2025-12-11T14:42:15","guid":{"rendered":"https:\/\/www.aaofm.org.ar\/Tienda25\/?post_type=product&#038;p=767"},"modified":"2025-12-11T12:21:34","modified_gmt":"2025-12-11T15:21:34","slug":"cursos-anuales-de-perfeccionamiento-2026-02","status":"publish","type":"product","link":"https:\/\/www.aaofm.org.ar\/Tienda25\/producto\/cursos-anuales-de-perfeccionamiento-2026-02\/","title":{"rendered":"Cursos Anuales de Perfeccionamiento 2026\/02"},"content":{"rendered":"<h2><strong>B.2.2 Decisiones seguras en Ortopedia Funcional y Ortodoncia: de la duda a la acci\u00f3n<\/strong><\/h2>\n<h4 class=\"\">Te\u00f3rico pr\u00e1ctico con atenci\u00f3n cl\u00ednica de pacientes.<\/h4>\n<div id=\"tabla_container\" class=\"container-body-sm\">\n<div class=\"row mb-20\">\n<div class=\"col-sm-8\">\n<div class=\"row mb-20\">\n<div class=\"col-sm-12\">\n<div class=\"PCd OFAd mw-400\"><b>Dictantes:<\/b><br \/>\nProf. Dra. Silvana L\u00f3pez <a class=\"vercv\" title=\"Prof. Dra. Silvana L\u00f3pez\" href=\"https:\/\/www.aaofm.org.ar\/Dictantes\/?dr=L\u00f3pez\" target=\"_blank\" rel=\"noopener\">Ver CV<\/a><br \/>\nProf. Dra. Alejandra Romanelli <a class=\"vercv\" title=\"Prof. Dra. Alejandra Romanelli\" href=\"https:\/\/www.aaofm.org.ar\/Dictantes\/?dr=Romanelli\" target=\"_blank\" rel=\"noopener\">Ver CV<\/a><\/div>\n<\/div>\n<\/div>\n<div class=\"OFAf\"><b>Cursada:<\/b> Te\u00f3rico: 1\u00b0 viernes de cada mes de 9 a 13 hs &#8211; Cl\u00ednica: 2\u00b0 s\u00e1bados de 9 a 13 hs.<br \/>\n<b>Inicio:<\/b> Viernes 10 de abril de 2026 (se reprograma inicio por feriado)<\/div>\n<div><img loading=\"lazy\" decoding=\"async\" class=\"alignleft size-full wp-image-769\" src=\"https:\/\/www.aaofm.org.ar\/Tienda25\/wp-content\/uploads\/2025\/12\/OFA0226-1.png\" alt=\"\" width=\"800\" height=\"1132\" srcset=\"https:\/\/www.aaofm.org.ar\/Tienda25\/wp-content\/uploads\/2025\/12\/OFA0226-1.png 800w, https:\/\/www.aaofm.org.ar\/Tienda25\/wp-content\/uploads\/2025\/12\/OFA0226-1-212x300.png 212w, https:\/\/www.aaofm.org.ar\/Tienda25\/wp-content\/uploads\/2025\/12\/OFA0226-1-724x1024.png 724w, https:\/\/www.aaofm.org.ar\/Tienda25\/wp-content\/uploads\/2025\/12\/OFA0226-1-768x1087.png 768w, https:\/\/www.aaofm.org.ar\/Tienda25\/wp-content\/uploads\/2025\/12\/OFA0226-1-416x589.png 416w\" sizes=\"auto, (max-width: 800px) 100vw, 800px\" \/><\/div>\n<div><\/div>\n<\/div>\n<\/div>\n<\/div>\n","protected":false},"excerpt":{"rendered":"<p>Cursos Anuales de Perfeccionamiento 2026\/02<br \/>\nDra. Silvana L\u00f3pez &#8211; Dra. Alejandra Romanelli<br \/>\n<strong>\u00a1Inscribite online y reserva tu vacante ya!<\/strong><br \/>\nEl valor publicado corresponde a la matr\u00edcula de inscripci\u00f3n<br \/>\nanual, puedes consultar por el valor total del curso a:<big><br \/>\n<b class=\"dashicons dashicons-whatsapp\" style=\"line-height: 1.6em;\"><\/b> <a href=\"https:\/\/api.whatsapp.com\/send?phone=5491136546225\">+54911 3654-6225<\/a><br \/>\n<b class=\"dashicons dashicons-email\" style=\"line-height: 1.8em;\"><\/b> <a href=\"mailto:cursos@aaofm.org.ar\">cursos@aaofm.org.ar<\/a><br \/>\n<\/big><\/p>\n","protected":false},"featured_media":768,"template":"","meta":[],"product_cat":[17],"product_tag":[21,24,42],"class_list":["post-767","product","type-product","status-publish","has-post-thumbnail","hentry","product_cat-cursos","product_tag-ofm","product_tag-ort","product_tag-perfeccionamiento"],"_links":{"self":[{"href":"https:\/\/www.aaofm.org.ar\/Tienda25\/wp-json\/wp\/v2\/product\/767","targetHints":{"allow":["GET"]}}],"collection":[{"href":"https:\/\/www.aaofm.org.ar\/Tienda25\/wp-json\/wp\/v2\/product"}],"about":[{"href":"https:\/\/www.aaofm.org.ar\/Tienda25\/wp-json\/wp\/v2\/types\/product"}],"wp:featuredmedia":[{"embeddable":true,"href":"https:\/\/www.aaofm.org.ar\/Tienda25\/wp-json\/wp\/v2\/media\/768"}],"wp:attachment":[{"href":"https:\/\/www.aaofm.org.ar\/Tienda25\/wp-json\/wp\/v2\/media?parent=767"}],"wp:term":[{"taxonomy":"product_cat","embeddable":true,"href":"https:\/\/www.aaofm.org.ar\/Tienda25\/wp-json\/wp\/v2\/product_cat?post=767"},{"taxonomy":"product_tag","embeddable":true,"href":"https:\/\/www.aaofm.org.ar\/Tienda25\/wp-json\/wp\/v2\/product_tag?post=767"}],"curies":[{"name":"wp","href":"https:\/\/api.w.org\/{rel}","templated":true}]}}