{"id":764,"date":"2025-12-11T11:34:42","date_gmt":"2025-12-11T14:34:42","guid":{"rendered":"https:\/\/www.aaofm.org.ar\/Tienda25\/?post_type=product&#038;p=764"},"modified":"2025-12-11T12:21:25","modified_gmt":"2025-12-11T15:21:25","slug":"cursos-anuales-de-perfeccionamiento-2026-01","status":"publish","type":"product","link":"https:\/\/www.aaofm.org.ar\/Tienda25\/producto\/cursos-anuales-de-perfeccionamiento-2026-01\/","title":{"rendered":"Cursos Anuales de Perfeccionamiento 2026\/01"},"content":{"rendered":"<h2><strong>B.2.1  Alineadores<\/strong><br \/>\nSumate a la Ortodoncia digital en un mundo 3D. Biomec\u00e1nica de la Ortodoncia invisible de principiante a experto. Aprend\u00e9 en el taller y en la cl\u00ednica a confeccionar tu propios alineadores<\/h2>\n<h4 class=\"\">Te\u00f3rico pr\u00e1ctico con atenci\u00f3n cl\u00ednica de pacientes.<\/h4>\n<div id=\"tabla_container\" class=\"container-body-sm\">\n<div class=\"row mb-20\">\n<div class=\"col-sm-8\">\n<div class=\"row mb-20\">\n<div class=\"col-sm-12\">\n<div class=\"PCd OFAd mw-400\"><b>Dictante:<\/b><br \/>\nDr. Roberto Hugo Ruiz <a class=\"vercv\" title=\"Dr. Roberto Hugo Ruiz\" href=\"https:\/\/www.aaofm.org.ar\/Dictantes\/?dr=Ruiz\" target=\"_blank\" rel=\"noopener\">Ver CV<\/a><br \/>\n<b>Dictante Invitado:<\/b><br \/>\nDr. Andr\u00e9s Betelu <a class=\"vercv\" title=\"Dr. Andr\u00e9s Betelu\" href=\"https:\/\/www.aaofm.org.ar\/Dictantes\/?dr=Betelu\" target=\"_blank\" rel=\"noopener\">Ver CV<\/a><\/div>\n<\/div>\n<\/div>\n<div class=\"OFAf\"><b>Cursada:<\/b> 4\u00b0 viernes de cada mes de 8:30 a 13:30 hs.<br \/>\n<b>Inicio:<\/b> Viernes 27 de marzo de 2026.<\/div>\n<div><img loading=\"lazy\" decoding=\"async\" class=\"alignleft size-full wp-image-765\" src=\"https:\/\/www.aaofm.org.ar\/Tienda25\/wp-content\/uploads\/2025\/12\/OFA0126.png\" alt=\"\" width=\"800\" height=\"1132\" srcset=\"https:\/\/www.aaofm.org.ar\/Tienda25\/wp-content\/uploads\/2025\/12\/OFA0126.png 800w, https:\/\/www.aaofm.org.ar\/Tienda25\/wp-content\/uploads\/2025\/12\/OFA0126-212x300.png 212w, https:\/\/www.aaofm.org.ar\/Tienda25\/wp-content\/uploads\/2025\/12\/OFA0126-724x1024.png 724w, https:\/\/www.aaofm.org.ar\/Tienda25\/wp-content\/uploads\/2025\/12\/OFA0126-768x1087.png 768w, https:\/\/www.aaofm.org.ar\/Tienda25\/wp-content\/uploads\/2025\/12\/OFA0126-416x589.png 416w\" sizes=\"auto, (max-width: 800px) 100vw, 800px\" \/><\/div>\n<div><\/div>\n<\/div>\n<\/div>\n<\/div>\n","protected":false},"excerpt":{"rendered":"<p>Cursos Anuales de Perfeccionamiento 2026\/01<br \/>\nDr. Roberto Hugo Ruiz &#8211; Dr. Andr\u00e9s Betelu<br \/>\n<strong>\u00a1Inscribite online y reserva tu vacante ya!<\/strong><br \/>\nEl valor publicado corresponde a la matr\u00edcula de inscripci\u00f3n<br \/>\nanual, puedes consultar por el valor total del curso a:<big><br \/>\n<b class=\"dashicons dashicons-whatsapp\" style=\"line-height: 1.6em;\"><\/b> <a href=\"https:\/\/api.whatsapp.com\/send?phone=5491136546225\">+54911 3654-6225<\/a><br \/>\n<b class=\"dashicons dashicons-email\" style=\"line-height: 1.8em;\"><\/b> <a href=\"mailto:cursos@aaofm.org.ar\">cursos@aaofm.org.ar<\/a><br \/>\n<\/big><\/p>\n","protected":false},"featured_media":766,"template":"","meta":[],"product_cat":[17],"product_tag":[24,42],"class_list":["post-764","product","type-product","status-publish","has-post-thumbnail","hentry","product_cat-cursos","product_tag-ort","product_tag-perfeccionamiento"],"_links":{"self":[{"href":"https:\/\/www.aaofm.org.ar\/Tienda25\/wp-json\/wp\/v2\/product\/764","targetHints":{"allow":["GET"]}}],"collection":[{"href":"https:\/\/www.aaofm.org.ar\/Tienda25\/wp-json\/wp\/v2\/product"}],"about":[{"href":"https:\/\/www.aaofm.org.ar\/Tienda25\/wp-json\/wp\/v2\/types\/product"}],"wp:featuredmedia":[{"embeddable":true,"href":"https:\/\/www.aaofm.org.ar\/Tienda25\/wp-json\/wp\/v2\/media\/766"}],"wp:attachment":[{"href":"https:\/\/www.aaofm.org.ar\/Tienda25\/wp-json\/wp\/v2\/media?parent=764"}],"wp:term":[{"taxonomy":"product_cat","embeddable":true,"href":"https:\/\/www.aaofm.org.ar\/Tienda25\/wp-json\/wp\/v2\/product_cat?post=764"},{"taxonomy":"product_tag","embeddable":true,"href":"https:\/\/www.aaofm.org.ar\/Tienda25\/wp-json\/wp\/v2\/product_tag?post=764"}],"curies":[{"name":"wp","href":"https:\/\/api.w.org\/{rel}","templated":true}]}}