{"id":761,"date":"2025-12-10T18:01:57","date_gmt":"2025-12-10T21:01:57","guid":{"rendered":"https:\/\/www.aaofm.org.ar\/Tienda25\/?post_type=product&#038;p=761"},"modified":"2025-12-11T12:04:45","modified_gmt":"2025-12-11T15:04:45","slug":"diplomaturas-apnea-2026-05","status":"publish","type":"product","link":"https:\/\/www.aaofm.org.ar\/Tienda25\/producto\/diplomaturas-apnea-2026-05\/","title":{"rendered":"Diplomaturas Apnea 2026\/05"},"content":{"rendered":"<h2><strong>A.6.3 Diplomatura en diagn\u00f3stico y tratamiento odontol\u00f3gico del S\u00edndrome de Apnea e Hipoapnea Obstructiva del Sue\u00f1o (SAHOS)<\/strong><\/h2>\n<h4 class=\"\">Te\u00f3rico pr\u00e1ctico con atenci\u00f3n de pacientes.<\/h4>\n<div id=\"tabla_container\" class=\"container-body-sm\">\n<div class=\"row mb-20\">\n<div class=\"col-sm-8\">\n<div class=\"row mb-20\">\n<div class=\"col-sm-12\">\n<div class=\"PCd DIPd mw-400\"><b>Dictante:<\/b><br \/>\nProf. Dra. Graciela I. Lorenz <a class=\"vercv\" title=\"Prof. Dra. Graciela I. Lorenz\" href=\"https:\/\/www.aaofm.org.ar\/Dictantes\/?dr=Lorenz\" target=\"_blank\" rel=\"noopener\">Ver CV<\/a><\/div>\n<\/div>\n<\/div>\n<div class=\"DIPf\"><b>Cursada:<\/b> Los primeros 3 meses son s\u00f3lo te\u00f3ricos (virtual), los 2\u00b0 lunes del mes de 9 a 15 hs. A partir del mes de julio, hay actividad te\u00f3rica y pr\u00e1ctica (presencial) los 2\u00b0 martes de 9 a 17 hs.<br \/>\n<b>Inicio:<\/b> Lunes 13 de abril de 2026.<img loading=\"lazy\" decoding=\"async\" class=\"alignleft size-full wp-image-762\" src=\"https:\/\/www.aaofm.org.ar\/Tienda25\/wp-content\/uploads\/2025\/12\/DIP0325.png\" alt=\"\" width=\"800\" height=\"1132\" srcset=\"https:\/\/www.aaofm.org.ar\/Tienda25\/wp-content\/uploads\/2025\/12\/DIP0325.png 800w, https:\/\/www.aaofm.org.ar\/Tienda25\/wp-content\/uploads\/2025\/12\/DIP0325-212x300.png 212w, https:\/\/www.aaofm.org.ar\/Tienda25\/wp-content\/uploads\/2025\/12\/DIP0325-724x1024.png 724w, https:\/\/www.aaofm.org.ar\/Tienda25\/wp-content\/uploads\/2025\/12\/DIP0325-768x1087.png 768w, https:\/\/www.aaofm.org.ar\/Tienda25\/wp-content\/uploads\/2025\/12\/DIP0325-416x589.png 416w\" sizes=\"auto, (max-width: 800px) 100vw, 800px\" \/><\/div>\n<\/div>\n<div><\/div>\n<\/div>\n<\/div>\n","protected":false},"excerpt":{"rendered":"<p>Diplomaturas Apnea 2026\/05<br \/>\nProf. Dra. Graciela I. Lorenz.<br \/>\n<strong>\u00a1Inscribite online y reserva tu vacante ya!<\/strong><br \/>\nEl valor publicado corresponde a la matr\u00edcula de inscripci\u00f3n<br \/>\nanual, puedes consultar por el valor total del curso a:<big><br \/>\n<b class=\"dashicons dashicons-whatsapp\" style=\"line-height: 1.6em;\"><\/b> <a href=\"https:\/\/api.whatsapp.com\/send?phone=5491136546225\">+54911 3654-6225<\/a><br \/>\n<b class=\"dashicons dashicons-email\" style=\"line-height: 1.8em;\"><\/b> <a href=\"mailto:cursos@aaofm.org.ar\">cursos@aaofm.org.ar<\/a><br \/>\n<\/big><\/p>\n","protected":false},"featured_media":763,"template":"","meta":[],"product_cat":[17],"product_tag":[27,21],"class_list":["post-761","product","type-product","status-publish","has-post-thumbnail","hentry","product_cat-cursos","product_tag-diplomaturas","product_tag-ofm"],"_links":{"self":[{"href":"https:\/\/www.aaofm.org.ar\/Tienda25\/wp-json\/wp\/v2\/product\/761","targetHints":{"allow":["GET"]}}],"collection":[{"href":"https:\/\/www.aaofm.org.ar\/Tienda25\/wp-json\/wp\/v2\/product"}],"about":[{"href":"https:\/\/www.aaofm.org.ar\/Tienda25\/wp-json\/wp\/v2\/types\/product"}],"wp:featuredmedia":[{"embeddable":true,"href":"https:\/\/www.aaofm.org.ar\/Tienda25\/wp-json\/wp\/v2\/media\/763"}],"wp:attachment":[{"href":"https:\/\/www.aaofm.org.ar\/Tienda25\/wp-json\/wp\/v2\/media?parent=761"}],"wp:term":[{"taxonomy":"product_cat","embeddable":true,"href":"https:\/\/www.aaofm.org.ar\/Tienda25\/wp-json\/wp\/v2\/product_cat?post=761"},{"taxonomy":"product_tag","embeddable":true,"href":"https:\/\/www.aaofm.org.ar\/Tienda25\/wp-json\/wp\/v2\/product_tag?post=761"}],"curies":[{"name":"wp","href":"https:\/\/api.w.org\/{rel}","templated":true}]}}