{"id":758,"date":"2025-12-10T17:53:43","date_gmt":"2025-12-10T20:53:43","guid":{"rendered":"https:\/\/www.aaofm.org.ar\/Tienda25\/?post_type=product&#038;p=758"},"modified":"2025-12-11T12:04:11","modified_gmt":"2025-12-11T15:04:11","slug":"diplomaturas-ofm-y-ortodoncia-2026-04","status":"publish","type":"product","link":"https:\/\/www.aaofm.org.ar\/Tienda25\/producto\/diplomaturas-ofm-y-ortodoncia-2026-04\/","title":{"rendered":"Diplomaturas OFM y Ortodoncia 2026\/04"},"content":{"rendered":"<h2><strong>A.6.5 Diplomatura en Ortopedia Maxilar y Ortodoncia Nivel II<\/strong><\/h2>\n<h4 class=\"\">Te\u00f3rico pr\u00e1ctico con atenci\u00f3n cl\u00ednica de pacientes.<\/h4>\n<div id=\"tabla_container\" class=\"container-body-sm\">\n<div class=\"row mb-20\">\n<div class=\"col-sm-8\">\n<div class=\"row mb-20\">\n<div class=\"col-sm-12\">\n<div class=\"PCd DIPd mw-400\"><b>Dictantes:<\/b><br \/>\nDr. Ricardo Abrate <a class=\"vercv\" title=\"Dr. Ricardo Abrate\" href=\"https:\/\/www.aaofm.org.ar\/Dictantes\/?dr=Abrate\" target=\"_blank\" rel=\"noopener\">Ver CV<\/a><br \/>\nDr. Jorge Laraudo <a class=\"vercv\" title=\"Dr. Jorge Laraudo\" href=\"https:\/\/www.aaofm.org.ar\/Dictantes\/?dr=Laraudo\" target=\"_blank\" rel=\"noopener\">Ver CV<\/a><\/div>\n<\/div>\n<\/div>\n<div class=\"DIPf\"><b>Cursada:<\/b> 4\u00b0 s\u00e1bados de cada mes de 9 a 17 hs.<br \/>\n<b>Inicio:<\/b> S\u00e1bado 25 de abril de 2026.<\/div>\n<\/div>\n<div>\n<img loading=\"lazy\" decoding=\"async\" class=\"alignleft size-full wp-image-760\" src=\"https:\/\/www.aaofm.org.ar\/Tienda25\/wp-content\/uploads\/2025\/12\/DIP0525-1.png\" alt=\"\" width=\"800\" height=\"1132\" srcset=\"https:\/\/www.aaofm.org.ar\/Tienda25\/wp-content\/uploads\/2025\/12\/DIP0525-1.png 800w, https:\/\/www.aaofm.org.ar\/Tienda25\/wp-content\/uploads\/2025\/12\/DIP0525-1-212x300.png 212w, https:\/\/www.aaofm.org.ar\/Tienda25\/wp-content\/uploads\/2025\/12\/DIP0525-1-724x1024.png 724w, https:\/\/www.aaofm.org.ar\/Tienda25\/wp-content\/uploads\/2025\/12\/DIP0525-1-768x1087.png 768w, https:\/\/www.aaofm.org.ar\/Tienda25\/wp-content\/uploads\/2025\/12\/DIP0525-1-416x589.png 416w\" sizes=\"auto, (max-width: 800px) 100vw, 800px\" \/><\/div>\n<\/div>\n<\/div>\n","protected":false},"excerpt":{"rendered":"<p>Diplomaturas en Ortopedia y Ortodoncia 2026\/04<br \/>\nDres. Ricardo Abrate y Jorge Laraudo<br \/>\n<strong>\u00a1Inscribite online y reserva tu vacante ya!<\/strong><br \/>\nEl valor publicado corresponde a la matr\u00edcula de inscripci\u00f3n<br \/>\nanual, puedes consultar por el valor total del curso a:<big><br \/>\n<b class=\"dashicons dashicons-whatsapp\" style=\"line-height: 1.6em;\"><\/b> <a href=\"https:\/\/api.whatsapp.com\/send?phone=5491136546225\">+54911 3654-6225<\/a><br \/>\n<b class=\"dashicons dashicons-email\" style=\"line-height: 1.8em;\"><\/b> <a href=\"mailto:cursos@aaofm.org.ar\">cursos@aaofm.org.ar<\/a><br \/>\n<\/big><\/p>\n","protected":false},"featured_media":759,"template":"","meta":[],"product_cat":[17],"product_tag":[27,21,24],"class_list":["post-758","product","type-product","status-publish","has-post-thumbnail","hentry","product_cat-cursos","product_tag-diplomaturas","product_tag-ofm","product_tag-ort"],"_links":{"self":[{"href":"https:\/\/www.aaofm.org.ar\/Tienda25\/wp-json\/wp\/v2\/product\/758","targetHints":{"allow":["GET"]}}],"collection":[{"href":"https:\/\/www.aaofm.org.ar\/Tienda25\/wp-json\/wp\/v2\/product"}],"about":[{"href":"https:\/\/www.aaofm.org.ar\/Tienda25\/wp-json\/wp\/v2\/types\/product"}],"wp:featuredmedia":[{"embeddable":true,"href":"https:\/\/www.aaofm.org.ar\/Tienda25\/wp-json\/wp\/v2\/media\/759"}],"wp:attachment":[{"href":"https:\/\/www.aaofm.org.ar\/Tienda25\/wp-json\/wp\/v2\/media?parent=758"}],"wp:term":[{"taxonomy":"product_cat","embeddable":true,"href":"https:\/\/www.aaofm.org.ar\/Tienda25\/wp-json\/wp\/v2\/product_cat?post=758"},{"taxonomy":"product_tag","embeddable":true,"href":"https:\/\/www.aaofm.org.ar\/Tienda25\/wp-json\/wp\/v2\/product_tag?post=758"}],"curies":[{"name":"wp","href":"https:\/\/api.w.org\/{rel}","templated":true}]}}