{"id":752,"date":"2025-12-10T17:44:20","date_gmt":"2025-12-10T20:44:20","guid":{"rendered":"https:\/\/www.aaofm.org.ar\/Tienda25\/?post_type=product&#038;p=752"},"modified":"2025-12-11T12:02:58","modified_gmt":"2025-12-11T15:02:58","slug":"diplomaturas-ofm-2026-02","status":"publish","type":"product","link":"https:\/\/www.aaofm.org.ar\/Tienda25\/producto\/diplomaturas-ofm-2026-02\/","title":{"rendered":"Diplomaturas OFM 2026\/02"},"content":{"rendered":"<h2><strong>A.6.4 Diplomatura en Rehabilitaci\u00f3n Neuro-Oclusal. Ampl\u00eda tus conocimientos y recursos terap\u00e9uticos<\/strong><\/h2>\n<h4 class=\"\">Te\u00f3rico pr\u00e1ctico con atenci\u00f3n cl\u00ednica de pacientes.<\/h4>\n<div id=\"tabla_container\" class=\"container-body-sm\">\n<div class=\"row mb-20\">\n<div class=\"col-sm-8\">\n<div class=\"row mb-20\">\n<div class=\"col-sm-12\">\n<div class=\"PCd DIPd mw-400\"><b>Dictantes:<\/b><br \/>\nDra. Mar\u00eda del Carmen Attene <a class=\"vercv\" title=\"Dra. Mar\u00eda del Carmen Attene\" href=\"https:\/\/www.aaofm.org.ar\/Dictantes\/?dr=Attene\" target=\"_blank\" rel=\"noopener\">Ver CV<\/a><br \/>\nProf. Dra. Silvana L\u00f3pez <a class=\"vercv\" title=\"Prof. Dra. Silvana L\u00f3pez\" href=\"https:\/\/www.aaofm.org.ar\/Dictantes\/?dr=L\u00f3pez\" target=\"_blank\" rel=\"noopener\">Ver CV<\/a><br \/>\nProf. Dra. Alejandra Romanelli <a class=\"vercv\" title=\"Prof. Dra. Alejandra Romanelli\" href=\"https:\/\/www.aaofm.org.ar\/Dictantes\/?dr=Romanelli\" target=\"_blank\" rel=\"noopener\">Ver CV<\/a><\/div>\n<\/div>\n<\/div>\n<div class=\"DIPf\"><b>Cursada:<\/b> 3\u00ba viernes de cada mes de 9:00 a 13:00 hs.<br \/>\n<b>Inicio:<\/b> Viernes 17 de abril de 2026.<\/div>\n<\/div>\n<div><img loading=\"lazy\" decoding=\"async\" class=\"alignleft size-full wp-image-753\" src=\"https:\/\/www.aaofm.org.ar\/Tienda25\/wp-content\/uploads\/2025\/12\/DIP0425.png\" alt=\"\" width=\"800\" height=\"1132\" srcset=\"https:\/\/www.aaofm.org.ar\/Tienda25\/wp-content\/uploads\/2025\/12\/DIP0425.png 800w, https:\/\/www.aaofm.org.ar\/Tienda25\/wp-content\/uploads\/2025\/12\/DIP0425-212x300.png 212w, https:\/\/www.aaofm.org.ar\/Tienda25\/wp-content\/uploads\/2025\/12\/DIP0425-724x1024.png 724w, https:\/\/www.aaofm.org.ar\/Tienda25\/wp-content\/uploads\/2025\/12\/DIP0425-768x1087.png 768w, https:\/\/www.aaofm.org.ar\/Tienda25\/wp-content\/uploads\/2025\/12\/DIP0425-416x589.png 416w\" sizes=\"auto, (max-width: 800px) 100vw, 800px\" \/><\/div>\n<\/div>\n<div><\/div>\n<\/div>\n","protected":false},"excerpt":{"rendered":"<p>Diplomaturas en Ortopedia 2026\/02<br \/>\nDras Mar\u00eda del Carmen Attene, Silvana L\u00f3pez y Alejandra Romanelli.<br \/>\n<strong>\u00a1Inscribite online y reserva tu vacante ya!<\/strong><br \/>\nEl valor publicado corresponde a la matr\u00edcula de inscripci\u00f3n<br \/>\nanual, puedes consultar por el valor total del curso a:<big><br \/>\n<b class=\"dashicons dashicons-whatsapp\" style=\"line-height: 1.6em;\"><\/b> <a href=\"https:\/\/api.whatsapp.com\/send?phone=5491136546225\">+54911 3654-6225<\/a><br \/>\n<b class=\"dashicons dashicons-email\" style=\"line-height: 1.8em;\"><\/b> <a href=\"mailto:cursos@aaofm.org.ar\">cursos@aaofm.org.ar<\/a><br \/>\n<\/big><\/p>\n","protected":false},"featured_media":754,"template":"","meta":[],"product_cat":[17],"product_tag":[27,21],"class_list":["post-752","product","type-product","status-publish","has-post-thumbnail","hentry","product_cat-cursos","product_tag-diplomaturas","product_tag-ofm"],"_links":{"self":[{"href":"https:\/\/www.aaofm.org.ar\/Tienda25\/wp-json\/wp\/v2\/product\/752","targetHints":{"allow":["GET"]}}],"collection":[{"href":"https:\/\/www.aaofm.org.ar\/Tienda25\/wp-json\/wp\/v2\/product"}],"about":[{"href":"https:\/\/www.aaofm.org.ar\/Tienda25\/wp-json\/wp\/v2\/types\/product"}],"wp:featuredmedia":[{"embeddable":true,"href":"https:\/\/www.aaofm.org.ar\/Tienda25\/wp-json\/wp\/v2\/media\/754"}],"wp:attachment":[{"href":"https:\/\/www.aaofm.org.ar\/Tienda25\/wp-json\/wp\/v2\/media?parent=752"}],"wp:term":[{"taxonomy":"product_cat","embeddable":true,"href":"https:\/\/www.aaofm.org.ar\/Tienda25\/wp-json\/wp\/v2\/product_cat?post=752"},{"taxonomy":"product_tag","embeddable":true,"href":"https:\/\/www.aaofm.org.ar\/Tienda25\/wp-json\/wp\/v2\/product_tag?post=752"}],"curies":[{"name":"wp","href":"https:\/\/api.w.org\/{rel}","templated":true}]}}