{"id":743,"date":"2025-12-10T15:00:18","date_gmt":"2025-12-10T18:00:18","guid":{"rendered":"https:\/\/www.aaofm.org.ar\/Tienda25\/?post_type=product&#038;p=743"},"modified":"2025-12-11T12:07:09","modified_gmt":"2025-12-11T15:07:09","slug":"cursos-de-ortodoncia-con-atencion-clinica-de-pacientes-nivel-inicial-2026-04","status":"publish","type":"product","link":"https:\/\/www.aaofm.org.ar\/Tienda25\/producto\/cursos-de-ortodoncia-con-atencion-clinica-de-pacientes-nivel-inicial-2026-04\/","title":{"rendered":"Cursos de Ortodoncia con atenci\u00f3n cl\u00ednica de pacientes Nivel Inicial 2026\/04"},"content":{"rendered":"<h2><strong>A.4.4 Curso de Ortodoncia Nivel<\/strong><br \/>\nOrtodoncia: T\u00e9cnica de Arco recto. Generalidades de las distintas t\u00e9cnicas fijas<\/h2>\n<h4 class=\"\">Te\u00f3rico pr\u00e1ctico con atenci\u00f3n cl\u00ednica de pacientes<\/h4>\n<div id=\"tabla_container\" class=\"container-body-sm\">\n<div class=\"row mb-20\">\n<div class=\"col-sm-8\">\n<div class=\"row mb-20\">\n<div class=\"col-sm-12\">\n<div class=\"PCd ORTd mw-400\"><b>Dictante:<\/b><br \/>\nDr. Ricardo Abrate <a class=\"vercv\" title=\"Dr. Ricardo Abrate\" href=\"https:\/\/www.aaofm.org.ar\/Dictantes\/?dr=Abrate\" target=\"_blank\" rel=\"noopener\">Ver CV<\/a><\/div>\n<\/div>\n<\/div>\n<div class=\"ORTf\"><b>Cursada:<\/b> 2\u00b0 viernes de cada mes de 9:30 a 17:30 hs<br \/>\n<b>Inicio:<\/b> Viernes 10 de julio de 2026.<\/div>\n<\/div>\n<div><\/div>\n<\/div>\n<div><img loading=\"lazy\" decoding=\"async\" class=\"alignleft size-full wp-image-745\" src=\"https:\/\/www.aaofm.org.ar\/Tienda25\/wp-content\/uploads\/2025\/12\/ORT0426.png\" alt=\"\" width=\"800\" height=\"1132\" srcset=\"https:\/\/www.aaofm.org.ar\/Tienda25\/wp-content\/uploads\/2025\/12\/ORT0426.png 800w, https:\/\/www.aaofm.org.ar\/Tienda25\/wp-content\/uploads\/2025\/12\/ORT0426-212x300.png 212w, https:\/\/www.aaofm.org.ar\/Tienda25\/wp-content\/uploads\/2025\/12\/ORT0426-724x1024.png 724w, https:\/\/www.aaofm.org.ar\/Tienda25\/wp-content\/uploads\/2025\/12\/ORT0426-768x1087.png 768w, https:\/\/www.aaofm.org.ar\/Tienda25\/wp-content\/uploads\/2025\/12\/ORT0426-416x589.png 416w\" sizes=\"auto, (max-width: 800px) 100vw, 800px\" \/><\/div>\n<\/div>\n","protected":false},"excerpt":{"rendered":"<p>Curso de Ortodoncia con atenci\u00f3n cl\u00ednica de pacientes Nivel Inicial 2026\/04<br \/>\nDr. Ricardo Abrate.<br \/>\n<strong>\u00a1Inscribite online y reserva tu vacante ya!<\/strong><br \/>\nEl valor publicado corresponde a la matr\u00edcula de inscripci\u00f3n<br \/>\nanual, puedes consultar por el valor total del curso a:<big><br \/>\n<b class=\"dashicons dashicons-whatsapp\" style=\"line-height: 1.6em;\"><\/b> <a href=\"https:\/\/api.whatsapp.com\/send?phone=5491136546225\">+54911 3654-6225<\/a><br \/>\n<b class=\"dashicons dashicons-email\" style=\"line-height: 1.8em;\"><\/b> <a href=\"mailto:cursos@aaofm.org.ar\">cursos@aaofm.org.ar<\/a><br \/>\n<\/big><\/p>\n","protected":false},"featured_media":744,"template":"","meta":[],"product_cat":[17],"product_tag":[24,41],"class_list":["post-743","product","type-product","status-publish","has-post-thumbnail","hentry","product_cat-cursos","product_tag-ort","product_tag-ortodoncia"],"_links":{"self":[{"href":"https:\/\/www.aaofm.org.ar\/Tienda25\/wp-json\/wp\/v2\/product\/743","targetHints":{"allow":["GET"]}}],"collection":[{"href":"https:\/\/www.aaofm.org.ar\/Tienda25\/wp-json\/wp\/v2\/product"}],"about":[{"href":"https:\/\/www.aaofm.org.ar\/Tienda25\/wp-json\/wp\/v2\/types\/product"}],"wp:featuredmedia":[{"embeddable":true,"href":"https:\/\/www.aaofm.org.ar\/Tienda25\/wp-json\/wp\/v2\/media\/744"}],"wp:attachment":[{"href":"https:\/\/www.aaofm.org.ar\/Tienda25\/wp-json\/wp\/v2\/media?parent=743"}],"wp:term":[{"taxonomy":"product_cat","embeddable":true,"href":"https:\/\/www.aaofm.org.ar\/Tienda25\/wp-json\/wp\/v2\/product_cat?post=743"},{"taxonomy":"product_tag","embeddable":true,"href":"https:\/\/www.aaofm.org.ar\/Tienda25\/wp-json\/wp\/v2\/product_tag?post=743"}],"curies":[{"name":"wp","href":"https:\/\/api.w.org\/{rel}","templated":true}]}}