{"id":740,"date":"2025-12-10T14:57:24","date_gmt":"2025-12-10T17:57:24","guid":{"rendered":"https:\/\/www.aaofm.org.ar\/Tienda25\/?post_type=product&#038;p=740"},"modified":"2025-12-11T12:06:37","modified_gmt":"2025-12-11T15:06:37","slug":"cursos-de-ortodoncia-con-atencion-clinica-de-pacientes-nivel-inicial-2026-03","status":"publish","type":"product","link":"https:\/\/www.aaofm.org.ar\/Tienda25\/producto\/cursos-de-ortodoncia-con-atencion-clinica-de-pacientes-nivel-inicial-2026-03\/","title":{"rendered":"Cursos de Ortodoncia con atenci\u00f3n cl\u00ednica de pacientes Nivel Inicial 2026\/03"},"content":{"rendered":"<h2><strong>A.4.3 Inmersi\u00f3n a una Ortodoncia actual y din\u00e1mica desde las mec\u00e1nicas tradicionales &#8211; Arco recto &#8211; a la aplicaci\u00f3n de nuevas tecnolog\u00edas digitales &#8211; Ortodoncia invisible<\/strong><\/h2>\n<h4 class=\"\">Te\u00f3rico pr\u00e1ctico con atenci\u00f3n cl\u00ednica de pacientes<\/h4>\n<div id=\"tabla_container\" class=\"container-body-sm\">\n<div class=\"row mb-20\">\n<div class=\"col-sm-8\">\n<div class=\"row mb-20\">\n<div class=\"col-sm-12\">\n<div class=\"PCd ORTd mw-400\"><b>Dictantes:<\/b><br \/>\nDr. Roberto Hugo Ruiz <a class=\"vercv\" title=\"Dr. Roberto Hugo Ruiz\" href=\"https:\/\/www.aaofm.org.ar\/Dictantes\/?dr=Ruiz\" target=\"_blank\" rel=\"noopener\">Ver CV<\/a><br \/>\nDra. Marta Susana Rua <a class=\"vercv\" title=\"Dra. Marta Susana Rua\" href=\"https:\/\/www.aaofm.org.ar\/Dictantes\/?dr=Rua\" target=\"_blank\" rel=\"noopener\">Ver CV<\/a><\/div>\n<\/div>\n<\/div>\n<div class=\"ORTf\"><b>Cursada:<\/b> 3\u00b0 s\u00e1bados de cada mes de 9 a 17 hs.<br \/>\n<b>Inicio:<\/b> S\u00e1bado 16 de mayo de 2026.<\/div>\n<\/div>\n<div><\/div>\n<\/div>\n<div><img loading=\"lazy\" decoding=\"async\" class=\"alignleft size-full wp-image-741\" src=\"https:\/\/www.aaofm.org.ar\/Tienda25\/wp-content\/uploads\/2025\/12\/ORT0326.png\" alt=\"\" width=\"800\" height=\"1132\" srcset=\"https:\/\/www.aaofm.org.ar\/Tienda25\/wp-content\/uploads\/2025\/12\/ORT0326.png 800w, https:\/\/www.aaofm.org.ar\/Tienda25\/wp-content\/uploads\/2025\/12\/ORT0326-212x300.png 212w, https:\/\/www.aaofm.org.ar\/Tienda25\/wp-content\/uploads\/2025\/12\/ORT0326-724x1024.png 724w, https:\/\/www.aaofm.org.ar\/Tienda25\/wp-content\/uploads\/2025\/12\/ORT0326-768x1087.png 768w, https:\/\/www.aaofm.org.ar\/Tienda25\/wp-content\/uploads\/2025\/12\/ORT0326-416x589.png 416w\" sizes=\"auto, (max-width: 800px) 100vw, 800px\" \/><\/div>\n<\/div>\n","protected":false},"excerpt":{"rendered":"<p>Curso de Ortodoncia con atenci\u00f3n cl\u00ednica de pacientes Nivel Inicial 2026\/03<br \/>\nDr. Roberto Ruiz y Dra. Marta Susana Rua.<br \/>\n<strong>\u00a1Inscribite online y reserva tu vacante ya!<\/strong><br \/>\nEl valor publicado corresponde a la matr\u00edcula de inscripci\u00f3n<br \/>\nanual, puedes consultar por el valor total del curso a:<big><br \/>\n<b class=\"dashicons dashicons-whatsapp\" style=\"line-height: 1.6em;\"><\/b> <a href=\"https:\/\/api.whatsapp.com\/send?phone=5491136546225\">+54911 3654-6225<\/a><br \/>\n<b class=\"dashicons dashicons-email\" style=\"line-height: 1.8em;\"><\/b> <a href=\"mailto:cursos@aaofm.org.ar\">cursos@aaofm.org.ar<\/a><br \/>\n<\/big><\/p>\n","protected":false},"featured_media":742,"template":"","meta":[],"product_cat":[17],"product_tag":[24,41],"class_list":["post-740","product","type-product","status-publish","has-post-thumbnail","hentry","product_cat-cursos","product_tag-ort","product_tag-ortodoncia"],"_links":{"self":[{"href":"https:\/\/www.aaofm.org.ar\/Tienda25\/wp-json\/wp\/v2\/product\/740","targetHints":{"allow":["GET"]}}],"collection":[{"href":"https:\/\/www.aaofm.org.ar\/Tienda25\/wp-json\/wp\/v2\/product"}],"about":[{"href":"https:\/\/www.aaofm.org.ar\/Tienda25\/wp-json\/wp\/v2\/types\/product"}],"wp:featuredmedia":[{"embeddable":true,"href":"https:\/\/www.aaofm.org.ar\/Tienda25\/wp-json\/wp\/v2\/media\/742"}],"wp:attachment":[{"href":"https:\/\/www.aaofm.org.ar\/Tienda25\/wp-json\/wp\/v2\/media?parent=740"}],"wp:term":[{"taxonomy":"product_cat","embeddable":true,"href":"https:\/\/www.aaofm.org.ar\/Tienda25\/wp-json\/wp\/v2\/product_cat?post=740"},{"taxonomy":"product_tag","embeddable":true,"href":"https:\/\/www.aaofm.org.ar\/Tienda25\/wp-json\/wp\/v2\/product_tag?post=740"}],"curies":[{"name":"wp","href":"https:\/\/api.w.org\/{rel}","templated":true}]}}