{"id":737,"date":"2025-12-10T14:53:30","date_gmt":"2025-12-10T17:53:30","guid":{"rendered":"https:\/\/www.aaofm.org.ar\/Tienda25\/?post_type=product&#038;p=737"},"modified":"2025-12-11T12:06:09","modified_gmt":"2025-12-11T15:06:09","slug":"cursos-de-ortodoncia-con-atencion-clinica-de-pacientes-nivel-inicial-2026-02","status":"publish","type":"product","link":"https:\/\/www.aaofm.org.ar\/Tienda25\/producto\/cursos-de-ortodoncia-con-atencion-clinica-de-pacientes-nivel-inicial-2026-02\/","title":{"rendered":"Cursos de Ortodoncia con atenci\u00f3n cl\u00ednica de pacientes Nivel Inicial 2026\/02"},"content":{"rendered":"<h2><strong>A.4.2 Curso de Ortodoncia Autoligado Primer Nivel<\/strong><br \/>\nLos beneficios de trabajar con fuerzas ligeras y baja fricci\u00f3n<\/h2>\n<h4 class=\"\">Te\u00f3rico pr\u00e1ctico con atenci\u00f3n cl\u00ednica de pacientes<\/h4>\n<div id=\"tabla_container\" class=\"container-body-sm\">\n<div class=\"row mb-20\">\n<div class=\"col-sm-8\">\n<div class=\"row mb-20\">\n<div class=\"col-sm-12\">\n<div class=\"PCd ORTd mw-400\"><b>Dictantes:<\/b><br \/>\nDra. Maria Julia Alderete <a class=\"vercv\" title=\"Dra. Maria Julia Alderete\" href=\"https:\/\/www.aaofm.org.ar\/Dictantes\/?dr=Alderete\" target=\"_blank\" rel=\"noopener\">Ver CV<\/a><br \/>\nDra. M\u00f3nica Brangeri <a class=\"vercv\" title=\"Dra. M\u00f3nica Brangeri\" href=\"https:\/\/www.aaofm.org.ar\/Dictantes\/?dr=Brangeri\" target=\"_blank\" rel=\"noopener\">Ver CV<\/a><\/div>\n<\/div>\n<\/div>\n<div class=\"ORTf\"><b>Cursada:<\/b> 3\u00b0 jueves de cada mes. 1\u00b0 a\u00f1o te\u00f3rico con atenci\u00f3n de pacientes 9 a 17 hs. &#8211; 2\u00b0 a\u00f1o s\u00f3lo actividad cl\u00ednica de 9 a 13 hs.<br \/>\n<b>Inicio:<\/b> Jueves 16 de abril de 2026.<\/div>\n<\/div>\n<div><\/div>\n<\/div>\n<div><img loading=\"lazy\" decoding=\"async\" class=\"alignleft size-full wp-image-739\" src=\"https:\/\/www.aaofm.org.ar\/Tienda25\/wp-content\/uploads\/2025\/12\/ORT0226.png\" alt=\"\" width=\"800\" height=\"1132\" srcset=\"https:\/\/www.aaofm.org.ar\/Tienda25\/wp-content\/uploads\/2025\/12\/ORT0226.png 800w, https:\/\/www.aaofm.org.ar\/Tienda25\/wp-content\/uploads\/2025\/12\/ORT0226-212x300.png 212w, https:\/\/www.aaofm.org.ar\/Tienda25\/wp-content\/uploads\/2025\/12\/ORT0226-724x1024.png 724w, https:\/\/www.aaofm.org.ar\/Tienda25\/wp-content\/uploads\/2025\/12\/ORT0226-768x1087.png 768w, https:\/\/www.aaofm.org.ar\/Tienda25\/wp-content\/uploads\/2025\/12\/ORT0226-416x589.png 416w\" sizes=\"auto, (max-width: 800px) 100vw, 800px\" \/><\/div>\n<\/div>\n","protected":false},"excerpt":{"rendered":"<p>Curso de Ortodoncia con atenci\u00f3n cl\u00ednica de pacientes Nivel Inicial 2026\/02<br \/>\nDra. Julia Alderete y Dra. M\u00f3nica Brangeri.<br \/>\n<strong>\u00a1Inscribite online y reserva tu vacante ya!<\/strong><br \/>\nEl valor publicado corresponde a la matr\u00edcula de inscripci\u00f3n<br \/>\nanual, puedes consultar por el valor total del curso a:<big><br \/>\n<b class=\"dashicons dashicons-whatsapp\" style=\"line-height: 1.6em;\"><\/b> <a href=\"https:\/\/api.whatsapp.com\/send?phone=5491136546225\">+54911 3654-6225<\/a><br \/>\n<b class=\"dashicons dashicons-email\" style=\"line-height: 1.8em;\"><\/b> <a href=\"mailto:cursos@aaofm.org.ar\">cursos@aaofm.org.ar<\/a><br \/>\n<\/big><\/p>\n","protected":false},"featured_media":738,"template":"","meta":[],"product_cat":[17],"product_tag":[24,41],"class_list":["post-737","product","type-product","status-publish","has-post-thumbnail","hentry","product_cat-cursos","product_tag-ort","product_tag-ortodoncia"],"_links":{"self":[{"href":"https:\/\/www.aaofm.org.ar\/Tienda25\/wp-json\/wp\/v2\/product\/737","targetHints":{"allow":["GET"]}}],"collection":[{"href":"https:\/\/www.aaofm.org.ar\/Tienda25\/wp-json\/wp\/v2\/product"}],"about":[{"href":"https:\/\/www.aaofm.org.ar\/Tienda25\/wp-json\/wp\/v2\/types\/product"}],"wp:featuredmedia":[{"embeddable":true,"href":"https:\/\/www.aaofm.org.ar\/Tienda25\/wp-json\/wp\/v2\/media\/738"}],"wp:attachment":[{"href":"https:\/\/www.aaofm.org.ar\/Tienda25\/wp-json\/wp\/v2\/media?parent=737"}],"wp:term":[{"taxonomy":"product_cat","embeddable":true,"href":"https:\/\/www.aaofm.org.ar\/Tienda25\/wp-json\/wp\/v2\/product_cat?post=737"},{"taxonomy":"product_tag","embeddable":true,"href":"https:\/\/www.aaofm.org.ar\/Tienda25\/wp-json\/wp\/v2\/product_tag?post=737"}],"curies":[{"name":"wp","href":"https:\/\/api.w.org\/{rel}","templated":true}]}}