{"id":719,"date":"2025-12-10T12:07:16","date_gmt":"2025-12-10T15:07:16","guid":{"rendered":"https:\/\/www.aaofm.org.ar\/Tienda25\/?post_type=product&#038;p=719"},"modified":"2025-12-11T12:08:31","modified_gmt":"2025-12-11T15:08:31","slug":"cursos-de-ortopedia-con-atencion-clinica-de-pacientes-nivel-inicial-2026-05","status":"publish","type":"product","link":"https:\/\/www.aaofm.org.ar\/Tienda25\/producto\/cursos-de-ortopedia-con-atencion-clinica-de-pacientes-nivel-inicial-2026-05\/","title":{"rendered":"Cursos de Ortopedia con atenci\u00f3n cl\u00ednica de pacientes Nivel Inicial 2026\/05"},"content":{"rendered":"<h2>A.3.5 La Ortopedia Funcional y la Ortodoncia en dentici\u00f3n mixta: de la Teor\u00eda a la Cl\u00ednica<\/h2>\n<h4>Te\u00f3rico pr\u00e1ctico con atenci\u00f3n cl\u00ednica de pacientes<\/h4>\n<div class=\"row mb-20\">\n<div class=\"col-sm-12\">\n<div class=\"PCd OFMd mw-400\"><b>Dictantes:<\/b><br \/>\nDra. M\u00f3nica Brangeri <a class=\"vercv\" title=\"Dra. M\u00f3nica Brangeri\" href=\"https:\/\/www.aaofm.org.ar\/Dictantes\/?dr=Brangeri\" target=\"_blank\" rel=\"noopener\">Ver CV<\/a><br \/>\nDra. Elizabeth Carre\u00f1o <a class=\"vercv\" title=\"Dra. Elizabeth Carre\u00f1o\" href=\"https:\/\/www.aaofm.org.ar\/Dictantes\/?dr=Carre\u00f1o\" target=\"_blank\" rel=\"noopener\">Ver CV<\/a><br \/>\nDra. M\u00f3nica Santost\u00e9fano <a class=\"vercv\" title=\"Dra. M\u00f3nica Santost\u00e9fano\" href=\"https:\/\/www.aaofm.org.ar\/Dictantes\/?dr=Santost\u00e9fano\" target=\"_blank\" rel=\"noopener\">Ver CV<\/a><\/div>\n<\/div>\n<\/div>\n<div class=\"OFMf\"><b>Cursada:<\/b> 1\u00b0 jueves de cada mes de 13 a 17 hs.<br \/>\n<b>Inicio:<\/b> Jueves 7 de mayo de 2026.<\/div>\n<p>&nbsp;<\/p>\n<p><img loading=\"lazy\" decoding=\"async\" class=\"alignleft size-full wp-image-720\" src=\"https:\/\/www.aaofm.org.ar\/Tienda25\/wp-content\/uploads\/2025\/12\/OFM0525.png\" alt=\"\" width=\"800\" height=\"1132\" srcset=\"https:\/\/www.aaofm.org.ar\/Tienda25\/wp-content\/uploads\/2025\/12\/OFM0525.png 800w, https:\/\/www.aaofm.org.ar\/Tienda25\/wp-content\/uploads\/2025\/12\/OFM0525-212x300.png 212w, https:\/\/www.aaofm.org.ar\/Tienda25\/wp-content\/uploads\/2025\/12\/OFM0525-724x1024.png 724w, https:\/\/www.aaofm.org.ar\/Tienda25\/wp-content\/uploads\/2025\/12\/OFM0525-768x1087.png 768w, https:\/\/www.aaofm.org.ar\/Tienda25\/wp-content\/uploads\/2025\/12\/OFM0525-416x589.png 416w\" sizes=\"auto, (max-width: 800px) 100vw, 800px\" \/><\/p>\n<p>&nbsp;<\/p>\n<p>&nbsp;<\/p>\n<p>&nbsp;<\/p>\n<p>&nbsp;<\/p>\n","protected":false},"excerpt":{"rendered":"<p>Curso de Ortopedia con atenci\u00f3n cl\u00ednica de pacientes Nivel Inicial 2026\/05<br \/>\nDra. M\u00f3nica Brangeri, Dra. Elizabeth Carre\u00f1o y Dra. M\u00f3nica Santost\u00e9fano.<br \/>\n<strong>\u00a1Inscribite online y reserva tu vacante ya!<\/strong><br \/>\nEl valor publicado corresponde a la matr\u00edcula de inscripci\u00f3n<br \/>\nanual, puedes consultar por el valor total del curso a:<big><br \/>\n<b class=\"dashicons dashicons-whatsapp\" style=\"line-height: 1.6em;\"><\/b> <a href=\"https:\/\/api.whatsapp.com\/send?phone=5491136546225\">+54911 3654-6225<\/a><br \/>\n<b class=\"dashicons dashicons-email\" style=\"line-height: 1.8em;\"><\/b> <a href=\"mailto:cursos@aaofm.org.ar\">cursos@aaofm.org.ar<\/a><br \/>\n<\/big><\/p>\n","protected":false},"featured_media":721,"template":"","meta":[],"product_cat":[17],"product_tag":[21],"class_list":["post-719","product","type-product","status-publish","has-post-thumbnail","hentry","product_cat-cursos","product_tag-ofm"],"_links":{"self":[{"href":"https:\/\/www.aaofm.org.ar\/Tienda25\/wp-json\/wp\/v2\/product\/719","targetHints":{"allow":["GET"]}}],"collection":[{"href":"https:\/\/www.aaofm.org.ar\/Tienda25\/wp-json\/wp\/v2\/product"}],"about":[{"href":"https:\/\/www.aaofm.org.ar\/Tienda25\/wp-json\/wp\/v2\/types\/product"}],"wp:featuredmedia":[{"embeddable":true,"href":"https:\/\/www.aaofm.org.ar\/Tienda25\/wp-json\/wp\/v2\/media\/721"}],"wp:attachment":[{"href":"https:\/\/www.aaofm.org.ar\/Tienda25\/wp-json\/wp\/v2\/media?parent=719"}],"wp:term":[{"taxonomy":"product_cat","embeddable":true,"href":"https:\/\/www.aaofm.org.ar\/Tienda25\/wp-json\/wp\/v2\/product_cat?post=719"},{"taxonomy":"product_tag","embeddable":true,"href":"https:\/\/www.aaofm.org.ar\/Tienda25\/wp-json\/wp\/v2\/product_tag?post=719"}],"curies":[{"name":"wp","href":"https:\/\/api.w.org\/{rel}","templated":true}]}}