{"id":713,"date":"2025-12-10T12:01:05","date_gmt":"2025-12-10T15:01:05","guid":{"rendered":"https:\/\/www.aaofm.org.ar\/Tienda25\/?post_type=product&#038;p=713"},"modified":"2025-12-11T12:11:18","modified_gmt":"2025-12-11T15:11:18","slug":"cursos-de-ortopedia-con-atencion-clinica-de-pacientes-nivel-inicial-2026-03","status":"publish","type":"product","link":"https:\/\/www.aaofm.org.ar\/Tienda25\/producto\/cursos-de-ortopedia-con-atencion-clinica-de-pacientes-nivel-inicial-2026-03\/","title":{"rendered":"Cursos de Ortopedia con atenci\u00f3n cl\u00ednica de pacientes Nivel Inicial 2026\/03"},"content":{"rendered":"<h2>A.3.3 Curso Integral<\/h2>\n<h4>Te\u00f3rico pr\u00e1ctico con atenci\u00f3n cl\u00ednica de pacientes<\/h4>\n<div class=\"row mb-20\">\n<div class=\"col-sm-12\">\n<div class=\"PCd OFMd mw-400\"><b>Dictante:<\/b><br \/>\nDr. Mario Tolchinsky <a class=\"vercv\" title=\"Dr. Mario Tolchinsky\" href=\"https:\/\/www.aaofm.org.ar\/Dictantes\/?dr=Tolchinsky\" target=\"_blank\" rel=\"noopener\">Ver CV<\/a><\/div>\n<\/div>\n<\/div>\n<div class=\"OFMf\"><b>Cursada:<\/b> Te\u00f3rico virtual (viernes anterior al 2\u00b0 s\u00e1bado) 9 a 13 hs. Cl\u00ednica: 2\u00b0 s\u00e1bados de 9 a 13 hs.<br \/>\n<b>Inicio:<\/b> Viernes 10 de abril de 2026.<\/div>\n<p>&nbsp;<\/p>\n<p><img loading=\"lazy\" decoding=\"async\" class=\"alignleft size-full wp-image-714\" src=\"https:\/\/www.aaofm.org.ar\/Tienda25\/wp-content\/uploads\/2025\/12\/OFM0325.png\" alt=\"\" width=\"800\" height=\"1132\" srcset=\"https:\/\/www.aaofm.org.ar\/Tienda25\/wp-content\/uploads\/2025\/12\/OFM0325.png 800w, https:\/\/www.aaofm.org.ar\/Tienda25\/wp-content\/uploads\/2025\/12\/OFM0325-212x300.png 212w, https:\/\/www.aaofm.org.ar\/Tienda25\/wp-content\/uploads\/2025\/12\/OFM0325-724x1024.png 724w, https:\/\/www.aaofm.org.ar\/Tienda25\/wp-content\/uploads\/2025\/12\/OFM0325-768x1087.png 768w, https:\/\/www.aaofm.org.ar\/Tienda25\/wp-content\/uploads\/2025\/12\/OFM0325-416x589.png 416w\" sizes=\"auto, (max-width: 800px) 100vw, 800px\" \/><\/p>\n<p>&nbsp;<\/p>\n<p>&nbsp;<\/p>\n","protected":false},"excerpt":{"rendered":"<p>Curso de Ortopedia con atenci\u00f3n cl\u00ednica de pacientes Nivel Inicial 2026\/03<br \/>\nDr. Mario Tolchinsky.<br \/>\n<strong>\u00a1Inscribite online y reserva tu vacante ya!<\/strong><br \/>\nEl valor publicado corresponde a la matr\u00edcula de inscripci\u00f3n<br \/>\nanual, puedes consultar por el valor total del curso a:<big><br \/>\n<b class=\"dashicons dashicons-whatsapp\" style=\"line-height: 1.6em;\"><\/b> <a href=\"https:\/\/api.whatsapp.com\/send?phone=5491136546225\">+54911 3654-6225<\/a><br \/>\n<b class=\"dashicons dashicons-email\" style=\"line-height: 1.8em;\"><\/b> <a href=\"mailto:cursos@aaofm.org.ar\">cursos@aaofm.org.ar<\/a><br \/>\n<\/big><\/p>\n","protected":false},"featured_media":715,"template":"","meta":[],"product_cat":[17],"product_tag":[21],"class_list":["post-713","product","type-product","status-publish","has-post-thumbnail","hentry","product_cat-cursos","product_tag-ofm"],"_links":{"self":[{"href":"https:\/\/www.aaofm.org.ar\/Tienda25\/wp-json\/wp\/v2\/product\/713","targetHints":{"allow":["GET"]}}],"collection":[{"href":"https:\/\/www.aaofm.org.ar\/Tienda25\/wp-json\/wp\/v2\/product"}],"about":[{"href":"https:\/\/www.aaofm.org.ar\/Tienda25\/wp-json\/wp\/v2\/types\/product"}],"wp:featuredmedia":[{"embeddable":true,"href":"https:\/\/www.aaofm.org.ar\/Tienda25\/wp-json\/wp\/v2\/media\/715"}],"wp:attachment":[{"href":"https:\/\/www.aaofm.org.ar\/Tienda25\/wp-json\/wp\/v2\/media?parent=713"}],"wp:term":[{"taxonomy":"product_cat","embeddable":true,"href":"https:\/\/www.aaofm.org.ar\/Tienda25\/wp-json\/wp\/v2\/product_cat?post=713"},{"taxonomy":"product_tag","embeddable":true,"href":"https:\/\/www.aaofm.org.ar\/Tienda25\/wp-json\/wp\/v2\/product_tag?post=713"}],"curies":[{"name":"wp","href":"https:\/\/api.w.org\/{rel}","templated":true}]}}