{"id":482,"date":"2025-01-30T22:35:26","date_gmt":"2025-01-31T01:35:26","guid":{"rendered":"https:\/\/www.aaofm.org.ar\/Tienda24\/?post_type=product&#038;p=482"},"modified":"2025-01-31T10:29:20","modified_gmt":"2025-01-31T13:29:20","slug":"cursos-de-ofm-y-ortodoncia-con-practica-clinica-2025-03","status":"publish","type":"product","link":"https:\/\/www.aaofm.org.ar\/Tienda25\/producto\/cursos-de-ofm-y-ortodoncia-con-practica-clinica-2025-03\/","title":{"rendered":"Cursos de OFM y Ortodoncia con pr\u00e1ctica cl\u00ednica 2025\/03"},"content":{"rendered":"<h4 class=\"\">Extensi\u00f3n de OFM y Ortodoncia con pr\u00e1ctica cl\u00ednica intensiva.<\/h4>\n<h2><strong>Pr\u00e1ctica intensiva cl\u00ednica en Ortopedia Funcional y Ortodoncia.<\/strong><\/h2>\n<div id=\"tabla_container\" class=\"container-body-sm\">\n<div class=\"row mb-20\">\n<div class=\"col-sm-8\">\n<div class=\"PC21d EXTOd mw-400\"><b>Dictantes:<\/b><br \/>\nProf. Dra. Silvana L\u00f3pez <a class=\"vercv\" title=\"Prof. Dra. Silvana L\u00f3pez\" href=\"https:\/\/www.aaofm.org.ar\/Dictantes\/?dr=L\u00f3pez\" target=\"_blank\" rel=\"noopener\">(Ver CV)<\/a><br \/>\nProf. Dra. Alejandra Romanelli <a class=\"vercv\" title=\"Prof. Dra. Alejandra Romanelli\" href=\"https:\/\/www.aaofm.org.ar\/Dictantes\/?dr=Romanelli\" target=\"_blank\" rel=\"noopener\">(Ver CV)<\/a><\/div>\n<div class=\"PC21o EXTOo\"><b>Cursada:<\/b> 2\u00ba S\u00e1bado de cada mes de 09:00 a 13:00 hs.<br \/>\n<b>Duraci\u00f3n:<\/b> 1 a\u00f1o.<br \/>\n<b>Requisito de Admisi\u00f3n:<\/b> Haber aprobado un curso de Ortopedia Funcional y uno de Ortodoncia.<br \/>\n<b>Inicio:<\/b> <strong>Ingreso continuo.<br \/>\n(*) Para obtener el certificado, se deber\u00e1n cursar 11 sesiones consecutivas desde el momento de la inscripci\u00f3n.<\/p>\n<p><img loading=\"lazy\" decoding=\"async\" class=\"alignleft size-full wp-image-484\" src=\"https:\/\/www.aaofm.org.ar\/Tienda24\/wp-content\/uploads\/2025\/01\/EXTO0325-1.png\" alt=\"Extensi\u00f3n de OFM y Ortodoncia con pr\u00e1ctica cl\u00ednica 2025\/03\nProf. Dra. Silvana L\u00f3pez - Prof. Dra. Alejandra Romanelli\" width=\"870\" height=\"800\" srcset=\"https:\/\/www.aaofm.org.ar\/Tienda25\/wp-content\/uploads\/2025\/01\/EXTO0325-1.png 870w, https:\/\/www.aaofm.org.ar\/Tienda25\/wp-content\/uploads\/2025\/01\/EXTO0325-1-300x276.png 300w, https:\/\/www.aaofm.org.ar\/Tienda25\/wp-content\/uploads\/2025\/01\/EXTO0325-1-768x706.png 768w, https:\/\/www.aaofm.org.ar\/Tienda25\/wp-content\/uploads\/2025\/01\/EXTO0325-1-416x383.png 416w\" sizes=\"auto, (max-width: 870px) 100vw, 870px\" \/><br \/>\n<\/strong><\/div>\n<\/div>\n<\/div>\n<\/div>\n","protected":false},"excerpt":{"rendered":"<p>Extensi\u00f3n de OFM y Ortodoncia con pr\u00e1ctica cl\u00ednica 2025\/03<br \/>\nProf. Dra. Silvana L\u00f3pez &#8211; Prof. Dra. Alejandra Romanelli<br \/>\n<strong>RESERVA DE MATR\u00cdCULA DE INSCRIPCI\u00d3N<\/strong><br \/>\nConsultar por el valor del curso a <a href=\"mailto:cursos@aaofm.org.ar\">cursos@aaofm.org.ar<\/a><\/p>\n","protected":false},"featured_media":483,"template":"","meta":[],"product_cat":[17],"product_tag":[30,21,24],"class_list":["post-482","product","type-product","status-publish","has-post-thumbnail","hentry","product_cat-cursos","product_tag-exto","product_tag-ofm","product_tag-ort"],"_links":{"self":[{"href":"https:\/\/www.aaofm.org.ar\/Tienda25\/wp-json\/wp\/v2\/product\/482","targetHints":{"allow":["GET"]}}],"collection":[{"href":"https:\/\/www.aaofm.org.ar\/Tienda25\/wp-json\/wp\/v2\/product"}],"about":[{"href":"https:\/\/www.aaofm.org.ar\/Tienda25\/wp-json\/wp\/v2\/types\/product"}],"wp:featuredmedia":[{"embeddable":true,"href":"https:\/\/www.aaofm.org.ar\/Tienda25\/wp-json\/wp\/v2\/media\/483"}],"wp:attachment":[{"href":"https:\/\/www.aaofm.org.ar\/Tienda25\/wp-json\/wp\/v2\/media?parent=482"}],"wp:term":[{"taxonomy":"product_cat","embeddable":true,"href":"https:\/\/www.aaofm.org.ar\/Tienda25\/wp-json\/wp\/v2\/product_cat?post=482"},{"taxonomy":"product_tag","embeddable":true,"href":"https:\/\/www.aaofm.org.ar\/Tienda25\/wp-json\/wp\/v2\/product_tag?post=482"}],"curies":[{"name":"wp","href":"https:\/\/api.w.org\/{rel}","templated":true}]}}